{"id":178,"date":"2012-08-14T22:31:36","date_gmt":"2012-08-14T20:31:36","guid":{"rendered":"http:\/\/www.akbik.de\/arzt\/?page_id=178"},"modified":"2021-03-01T20:26:50","modified_gmt":"2021-03-01T18:26:50","slug":"laparoskopische-gallenblasenentfernung","status":"publish","type":"page","link":"https:\/\/www.akbik.de\/arzt\/?page_id=178","title":{"rendered":"Laparoskopische Gallenblasenentfernung"},"content":{"rendered":"<div id=\"content\">\n<h4 style=\"text-align: justify;\"><span style=\"color: #000000;\">Die laparoskopische Gallenblasenentfernung stellt eine besondere Form der Gallenoperation dar. Grundlegend hierbei ist das chirurgische Verfahren der <u>Laparoskopie<\/u>, bei dem durch einen sehr kleinen Schnitt in die Bauchh\u00f6hle ein spezielles medizinisches Instrument \u2013 das sogenannte Laparoskop \u2013 zum Einsatz kommt.<\/span><\/h4>\n<h4 style=\"text-align: justify;\"><span style=\"color: #000000;\">Im menschlichen K\u00f6rper \u00fcbernimmt die Gallenblase selbst keine \u00fcberlebenswichtige Aufgabe. Die in der Leber produzierte Gallenfl\u00fcssigkeit flie\u00dft \u00fcber den Hauptgallengang in den Zw\u00f6lffingerdarm zur Verdauung von fettigen Speisen. Die Gallenblase speichert und dickt die Gallenfl\u00fcssigkeit lediglich ein, sie ist der Rest eines entwicklungsgeschichtlich geschrumpften dritten Leberlappens und v\u00f6llig \u00fcberfl\u00fcssig. Daher ist ihr Verlust im Zuge einer professionell durchgef\u00fchrten Gallenoperation wie der laparoskopischen Gallenblasenentfernung medizinisch durchaus vertretbar.<\/span><\/h4>\n<h4 style=\"text-align: justify;\"><span style=\"color: #000000;\">Im Falle des Auftretens von <u>Gallensteinen<\/u> ist sie sogar dringlich zu empfehlen. Die Entstehung von <u>Gallensteinen<\/u> ist vielschichtig: u. a. famili\u00e4re\/ genetische Veranlagung, besonders bei Frauen \u2013 biochemische St\u00f6rungen der Gallenfl\u00fcssigkeit \u2013 \u00dcbergewicht\/Ern\u00e4hrung. Typische Beschwerden bei <u>Gallensteinen<\/u> sind: \u00dcbelkeit und Oberbauchbeschwerden nach dem Essen \u2013 Schmerzen im rechten Oberbauch bis zu starken Koliken, teilweise Ausstrahlung bis in die rechte Schulterregion.<\/span><br \/>\n<span style=\"color: #000000;\">Bei Nichtbehandlung bestehen erhebliche Gefahren (in manchen F\u00e4llen mit schweren, teilweise lebensgef\u00e4hrlichen Komplikationen).<\/span><\/h4>\n<h4 style=\"text-align: justify;\"><span style=\"color: #000000;\">Die Therapie des Gallensteinleidens, auch bei zun\u00e4chst nur geringen Beschwerden, ist die baldigste laparoskopische Gallenblasenentfernung. Dieses minimalinvasive Operationsverfahren ist v\u00f6llig konkurrenzlos und f\u00fchrt zur definitiven Heilung.<\/span><\/h4>\n<h4 style=\"text-align: justify;\"><span style=\"color: #000000;\"><a style=\"color: #000000;\" title=\"\u00d6ffnet einen externen Link in einem neuen Fenster\" href=\"http:\/\/www.chirurgie-portal.de\/allgemeinchirurgie\/gallenblase-entfernung-gallensteine.html\" target=\"_blank\" rel=\"noopener\">Hier<\/a>\u00a0k\u00f6nnen Sie auch weitere allgemeine Informationen zur Gallenblasenentfernung finden.<\/span><\/h4>\n<h4><\/h4>\n<\/div>\n","protected":false},"excerpt":{"rendered":"<p>Die laparoskopische Gallenblasenentfernung stellt eine besondere Form der Gallenoperation dar. Grundlegend hierbei ist das chirurgische Verfahren der Laparoskopie, bei dem durch einen sehr kleinen Schnitt in die Bauchh\u00f6hle ein spezielles medizinisches Instrument \u2013 das sogenannte Laparoskop \u2013 zum Einsatz kommt. Im menschlichen K\u00f6rper \u00fcbernimmt die Gallenblase selbst keine \u00fcberlebenswichtige Aufgabe. Die in der Leber produzierte<\/p>\n<div><a class=\"btn-filled btn\" href=\"https:\/\/www.akbik.de\/arzt\/?page_id=178\" title=\"Laparoskopische Gallenblasenentfernung\">Weiterlesen<\/a><\/div>\n","protected":false},"author":1,"featured_media":0,"parent":0,"menu_order":2,"comment_status":"closed","ping_status":"closed","template":"","meta":[],"_links":{"self":[{"href":"https:\/\/www.akbik.de\/arzt\/index.php?rest_route=\/wp\/v2\/pages\/178"}],"collection":[{"href":"https:\/\/www.akbik.de\/arzt\/index.php?rest_route=\/wp\/v2\/pages"}],"about":[{"href":"https:\/\/www.akbik.de\/arzt\/index.php?rest_route=\/wp\/v2\/types\/page"}],"author":[{"embeddable":true,"href":"https:\/\/www.akbik.de\/arzt\/index.php?rest_route=\/wp\/v2\/users\/1"}],"replies":[{"embeddable":true,"href":"https:\/\/www.akbik.de\/arzt\/index.php?rest_route=%2Fwp%2Fv2%2Fcomments&post=178"}],"version-history":[{"count":10,"href":"https:\/\/www.akbik.de\/arzt\/index.php?rest_route=\/wp\/v2\/pages\/178\/revisions"}],"predecessor-version":[{"id":742,"href":"https:\/\/www.akbik.de\/arzt\/index.php?rest_route=\/wp\/v2\/pages\/178\/revisions\/742"}],"wp:attachment":[{"href":"https:\/\/www.akbik.de\/arzt\/index.php?rest_route=%2Fwp%2Fv2%2Fmedia&parent=178"}],"curies":[{"name":"wp","href":"https:\/\/api.w.org\/{rel}","templated":true}]}}